{"id":749,"date":"2024-04-26T20:34:02","date_gmt":"2024-04-26T18:34:02","guid":{"rendered":"http:\/\/www.padelalianca.com.mialias.net\/tarifes\/"},"modified":"2024-09-12T13:09:00","modified_gmt":"2024-09-12T11:09:00","slug":"tarifas","status":"publish","type":"page","link":"https:\/\/padelalianca.com\/es\/tarifas\/","title":{"rendered":"Tarifas"},"content":{"rendered":"\t\t<div data-elementor-type=\"wp-page\" data-elementor-id=\"749\" class=\"elementor elementor-749 elementor-211\">\n\t\t\t\t\t\t<section class=\"elementor-section elementor-top-section elementor-element elementor-element-b12b3af elementor-section-boxed elementor-section-height-default elementor-section-height-default sc_fly_static\" data-id=\"b12b3af\" data-element_type=\"section\" data-settings=\"{&quot;background_background&quot;:&quot;classic&quot;}\">\n\t\t\t\t\t\t<div class=\"elementor-container elementor-column-gap-extended\">\n\t\t\t\t\t<div class=\"elementor-column elementor-col-100 elementor-top-column elementor-element elementor-element-7decc57 sc_inner_width_none sc_content_align_inherit sc_layouts_column_icons_position_left sc_fly_static\" data-id=\"7decc57\" data-element_type=\"column\">\n\t\t\t<div class=\"elementor-widget-wrap elementor-element-populated\">\n\t\t\t\t\t\t<div class=\"elementor-element elementor-element-7974e7b sc_fly_static elementor-widget elementor-widget-heading\" data-id=\"7974e7b\" data-element_type=\"widget\" data-widget_type=\"heading.default\">\n\t\t\t\t<div class=\"elementor-widget-container\">\n\t\t\t<h2 class=\"elementor-heading-title elementor-size-default\">Tarifas<\/h2>\t\t<\/div>\n\t\t\t\t<\/div>\n\t\t\t\t<div class=\"elementor-element elementor-element-09caac3 sc_fly_static elementor-widget elementor-widget-text-editor\" data-id=\"09caac3\" data-element_type=\"widget\" data-widget_type=\"text-editor.default\">\n\t\t\t\t<div class=\"elementor-widget-container\">\n\t\t\t\t\t\t\t<p>La reserva de las pistas debe realizarse previa reserva.<\/p>\t\t\t\t\t\t<\/div>\n\t\t\t\t<\/div>\n\t\t\t\t<div class=\"elementor-element elementor-element-b9758b7 elementor-widget-divider--view-line sc_fly_static elementor-widget elementor-widget-divider\" data-id=\"b9758b7\" data-element_type=\"widget\" data-widget_type=\"divider.default\">\n\t\t\t\t<div class=\"elementor-widget-container\">\n\t\t\t\t\t<div class=\"elementor-divider\">\n\t\t\t<span class=\"elementor-divider-separator\">\n\t\t\t\t\t\t<\/span>\n\t\t<\/div>\n\t\t\t\t<\/div>\n\t\t\t\t<\/div>\n\t\t\t\t<div class=\"elementor-element elementor-element-325c9b3 sc_fly_static elementor-widget elementor-widget-text-editor\" data-id=\"325c9b3\" data-element_type=\"widget\" data-widget_type=\"text-editor.default\">\n\t\t\t\t<div class=\"elementor-widget-container\">\n\t\t\t\t\t\t\tLa anulaci\u00f3n de la reserva debe realizarse con 24 horas de antelaci\u00f3n.<br>\nEn caso contrario, se abonar\u00e1 el importe de la reserva.\t\t\t\t\t\t<\/div>\n\t\t\t\t<\/div>\n\t\t\t\t<div class=\"elementor-element elementor-element-bb6330c elementor-widget-divider--view-line sc_fly_static elementor-widget elementor-widget-divider\" data-id=\"bb6330c\" data-element_type=\"widget\" data-widget_type=\"divider.default\">\n\t\t\t\t<div class=\"elementor-widget-container\">\n\t\t\t\t\t<div class=\"elementor-divider\">\n\t\t\t<span class=\"elementor-divider-separator\">\n\t\t\t\t\t\t<\/span>\n\t\t<\/div>\n\t\t\t\t<\/div>\n\t\t\t\t<\/div>\n\t\t\t\t<div class=\"elementor-element elementor-element-aedd1a1 tarifes-br sc_fly_static elementor-widget elementor-widget-text-editor\" data-id=\"aedd1a1\" data-element_type=\"widget\" data-widget_type=\"text-editor.default\">\n\t\t\t\t<div class=\"elementor-widget-container\">\n\t\t\t\t\t\t\tLos <span style=\"color: #333; fuente-weight: bold;\">socios del Ateneo de la Alianza<\/span> gozando de<br> un\n10% de descuento en la cuota mensual y la reserva de pista\n(excepto el servicio de luz).\t\t\t\t\t\t<\/div>\n\t\t\t\t<\/div>\n\t\t\t\t\t<\/div>\n\t\t<\/div>\n\t\t\t\t\t<\/div>\n\t\t<\/section>\n\t\t\t\t<section class=\"elementor-section elementor-top-section elementor-element elementor-element-19aed2b sc_layouts_hide_on_notebook sc_layouts_hide_on_tablet sc_layouts_hide_on_mobile elementor-section-boxed elementor-section-height-default elementor-section-height-default sc_fly_static\" data-id=\"19aed2b\" data-element_type=\"section\" data-settings=\"{&quot;background_background&quot;:&quot;classic&quot;}\">\n\t\t\t\t\t\t<div class=\"elementor-container elementor-column-gap-extended\">\n\t\t\t\t\t<div class=\"elementor-column elementor-col-100 elementor-top-column elementor-element elementor-element-9e9d83c sc_inner_width_none sc_content_align_inherit sc_layouts_column_icons_position_left sc_fly_static\" data-id=\"9e9d83c\" data-element_type=\"column\">\n\t\t\t<div class=\"elementor-widget-wrap elementor-element-populated\">\n\t\t\t\t\t\t<div class=\"elementor-element elementor-element-2b13c09 sc_fly_static elementor-widget elementor-widget-html\" data-id=\"2b13c09\" data-element_type=\"widget\" data-widget_type=\"html.default\">\n\t\t\t\t<div class=\"elementor-widget-container\">\n\t\t\t<table>\n\n  <tr>\n\n    <th class=\"white\"><\/th>\n\n    <th scope=\"col\" colspan=\"2\">SOCIO PADEL<\/th>\n\n\n    <th scope=\"col\" colspan=\"2\">SOCIO PADEL + A\u00c7 <\/th>\n\n\n    <th class=\"text-orange-th\">NO SOCIO<\/th>\n\n  <\/tr>\n    <tr>\n\n    <th class=\"white\"><\/th>\n\n    <th class=\"bg-orange\">SOCIO A\u00c7<\/th>\n\n    <th class=\"bg-orange\">SOCIO<\/th>\n\n    <th class=\"bg-orange\">SOCIO A\u00c7 PLUS<\/th>\n\n    <th class=\"bg-orange\">SOCIO A\u00c7<\/th>\n\n    <th class=\"bg-orange\">NO SOCIO<\/th>\n\n  <\/tr>\n\n  <tr>\n\n    <td class=\"orange\">MATR\u00cdCULA<\/td>\n\n    <td>10,00 \u20ac<\/td>\n\n    <td>10,00 \u20ac<\/td>\n\n    <td>10,00 \u20ac<\/td>\n\n    <td>10,00 \u20ac<\/td>\n\n    <td> - <\/td>\n\n  <\/tr>\n\n  <tr>\n\n    <td class=\"orange\">MENSUALIDAD<\/td>\n\n    <td>38,00 \u20ac<\/td>\n\n    <td>20,00 \u20ac<\/td>\n\n    <td>34,20 \u20ac<\/td>\n\n    <td>18,00 \u20ac<\/td>\n\n    <td> - <\/td>\n\n  <\/tr>\n\n  <tr>\n\n    <td class=\"orange\">HORA \/ MES<\/td>\n\n    <td>12<\/td>\n\n    <td>6<\/td>\n\n    <td>12<\/td>\n\n    <td>6<\/td>\n\n    <td>0<\/td>\n\n  <\/tr>\n\n  <tr>\n\n    <td class=\"orange\">PRECIO HORA \/ JUGADOR<\/td>\n\n    <td>0,00 \u20ac<\/td>\n\n    <td>0,00 \u20ac<\/td>\n\n    <td>0,00 \u20ac<\/td>\n\n    <td>0,00 \u20ac<\/td>\n\n    <td>5,00 \u20ac<\/td>\n\n  <\/tr>\n\n  <tr>\n\n    <td class=\"orange\">HORA EXTRA \/ JUGADOR<\/td>\n\n    <td>4,00 \u20ac<\/td>\n\n    <td>4,00 \u20ac<\/td>\n\n    <td>4,00 \u20ac<\/td>\n\n    <td>4,00 \u20ac<\/td>\n\n    <td> - <\/td>\n\n  <\/tr>\n\n<\/table>\t\t<\/div>\n\t\t\t\t<\/div>\n\t\t\t\t\t<\/div>\n\t\t<\/div>\n\t\t\t\t\t<\/div>\n\t\t<\/section>\n\t\t\t\t<section class=\"elementor-section elementor-top-section elementor-element elementor-element-0070e9c sc_layouts_hide_on_wide sc_layouts_hide_on_desktop elementor-section-boxed elementor-section-height-default elementor-section-height-default sc_fly_static\" data-id=\"0070e9c\" data-element_type=\"section\" data-settings=\"{&quot;background_background&quot;:&quot;classic&quot;}\">\n\t\t\t\t\t\t<div class=\"elementor-container elementor-column-gap-extended\">\n\t\t\t\t\t<div class=\"elementor-column elementor-col-100 elementor-top-column elementor-element elementor-element-06c178a sc_inner_width_none sc_content_align_inherit sc_layouts_column_icons_position_left sc_fly_static\" data-id=\"06c178a\" data-element_type=\"column\">\n\t\t\t<div class=\"elementor-widget-wrap elementor-element-populated\">\n\t\t\t\t\t\t<div class=\"elementor-element elementor-element-246322b sc_fly_static elementor-widget elementor-widget-html\" data-id=\"246322b\" data-element_type=\"widget\" data-widget_type=\"html.default\">\n\t\t\t\t<div class=\"elementor-widget-container\">\n\t\t\t<table>\n\n  <tr>\n\n    <th class=\"white\"><\/th>\n\n    <th scope=\"col\" colspan=\"2\">SOCIO PADEL<\/th>\n\n  <\/tr>\n    <tr>\n\n    <th class=\"white\"><\/th>\n\n    <th class=\"bg-orange\">SOCIO<\/th>\n\n    <th class=\"bg-orange\">SOCIO A\u00c7 PLUS<\/th>\n\n  <\/tr>\n\n  <tr>\n\n    <td class=\"orange\">MATR\u00cdCULA<\/td>\n\n    <td>10,00 \u20ac<\/td>\n\n    <td>10,00 \u20ac<\/td>\n\n  <\/tr>\n\n  <tr>\n\n    <td class=\"orange\">MENSUALIDAD<\/td>\n\n    <td>20,00 \u20ac<\/td>\n\n    <td>38,00 \u20ac<\/td>\n\n  <\/tr>\n\n  <tr>\n\n    <td class=\"orange\">HORA \/ MES<\/td>\n\n    <td>6<\/td>\n\n    <td>12<\/td>\n\n  <\/tr>\n\n  <tr>\n\n    <td class=\"orange\">PRECIO HORA \/ JUGADOR<\/td>\n\n    <td>0,00 \u20ac<\/td>\n\n    <td>0,00 \u20ac<\/td>\n\n  <\/tr>\n\n  <tr>\n\n    <td class=\"orange\">HORA EXTRA \/ JUGADOR<\/td>\n\n    <td>4,00 \u20ac<\/td>\n\n    <td>4,00 \u20ac<\/td>\n\n  <\/tr>\n\n<\/table>\t\t<\/div>\n\t\t\t\t<\/div>\n\t\t\t\t<div class=\"elementor-element elementor-element-057f650 sc_fly_static elementor-widget elementor-widget-html\" data-id=\"057f650\" data-element_type=\"widget\" data-widget_type=\"html.default\">\n\t\t\t\t<div class=\"elementor-widget-container\">\n\t\t\t<table>\n\n  <tr>\n\n    <th class=\"white\"><\/th>\n\n    <th scope=\"col\" colspan=\"2\">SOCIO PADEL + A\u00c7 <\/th>\n\n  <\/tr>\n    <tr>\n\n    <th class=\"white\"><\/th>\n\n\n    <th class=\"bg-orange\">SOCIO<\/th>\n\n    <th class=\"bg-orange\">SOCIO A\u00c7 PLUS<\/th>\n\n  <\/tr>\n\n  <tr>\n\n    <td class=\"orange\">MATR\u00cdCULA<\/td>\n\n\n    <td>10,00 \u20ac<\/td>\n\n    <td>10,00 \u20ac<\/td>\n\n\n  <\/tr>\n\n  <tr>\n\n    <td class=\"orange\">MENSUALIDAD<\/td>\n\n\n    <td>20,00 \u20ac<\/td>\n\n    <td>34,20 \u20ac<\/td>\n\n\n  <\/tr>\n\n  <tr>\n\n    <td class=\"orange\">HORA \/ MES<\/td>\n\n\n    <td>6<\/td>\n\n    <td>12<\/td>\n\n\n  <\/tr>\n\n  <tr>\n\n    <td class=\"orange\">PRECIO HORA \/ JUGADOR<\/td>\n\n\n    <td>0,00 \u20ac<\/td>\n\n    <td>0,00 \u20ac<\/td>\n\n\n  <\/tr>\n\n  <tr>\n\n    <td class=\"orange\">HORA EXTRA \/ JUGADOR<\/td>\n\n\n    <td>4,00 \u20ac<\/td>\n\n    <td>4,00 \u20ac<\/td>\n\n\n  <\/tr>\n\n<\/table>\t\t<\/div>\n\t\t\t\t<\/div>\n\t\t\t\t<div class=\"elementor-element elementor-element-479a3b9 sc_fly_static elementor-widget elementor-widget-html\" data-id=\"479a3b9\" data-element_type=\"widget\" data-widget_type=\"html.default\">\n\t\t\t\t<div class=\"elementor-widget-container\">\n\t\t\t<table>\n\n  <tr>\n\n    <th class=\"white\"><\/th>\n\n    <th class=\"text-orange-th\">NO SOCIO<\/th>\n\n  <\/tr>\n    <tr>\n<th class=\"white\"><\/th>\n    <th class=\"bg-orange\">NO SOCIO<\/th>\n\n  <\/tr>\n\n  <tr>\n\n    <td class=\"orange\">MATR\u00cdCULA<\/td>\n\n    <td> - <\/td>\n\n  <\/tr>\n\n  <tr>\n\n    <td class=\"orange\">MENSUALIDAD<\/td>\n\n    <td> - <\/td>\n\n  <\/tr>\n\n  <tr>\n\n    <td class=\"orange\">HORA \/ MES<\/td>\n\n    <td>0<\/td>\n\n  <\/tr>\n\n  <tr>\n\n    <td class=\"orange\">PRECIO HORA \/ JUGADOR<\/td>\n\n    <td>5,00 \u20ac<\/td>\n\n  <\/tr>\n\n  <tr>\n\n    <td class=\"orange\">HORA EXTRA \/ JUGADOR<\/td>\n\n    <td> - <\/td>\n\n  <\/tr>\n\n<\/table>\t\t<\/div>\n\t\t\t\t<\/div>\n\t\t\t\t\t<\/div>\n\t\t<\/div>\n\t\t\t\t\t<\/div>\n\t\t<\/section>\n\t\t\t\t<section class=\"elementor-section-with-custom-width elementor-section elementor-top-section elementor-element elementor-element-12ed0ea elementor-section-boxed elementor-section-height-default elementor-section-height-default sc_fly_static\" data-id=\"12ed0ea\" data-element_type=\"section\" data-settings=\"{&quot;background_background&quot;:&quot;classic&quot;}\">\n\t\t\t\t\t\t<div class=\"elementor-container elementor-column-gap-extended\">\n\t\t\t\t\t<div class=\"elementor-column elementor-col-100 elementor-top-column elementor-element elementor-element-30085cb sc_inner_width_none sc_content_align_inherit sc_layouts_column_icons_position_left sc_fly_static\" data-id=\"30085cb\" data-element_type=\"column\">\n\t\t\t<div class=\"elementor-widget-wrap elementor-element-populated\">\n\t\t\t\t\t\t<div class=\"elementor-element elementor-element-9142378 sc_fly_static elementor-widget elementor-widget-text-editor\" data-id=\"9142378\" data-element_type=\"widget\" data-widget_type=\"text-editor.default\">\n\t\t\t\t<div class=\"elementor-widget-container\">\n\t\t\t\t\t\t\t<p>* Para realizar la tarifa de &#8220;Socio&#8221; o &#8220;Socio Padel + A\u00e7&#8221; se debe hacer insitu en nuestras instalaciones de manera presencial.<\/p>\t\t\t\t\t\t<\/div>\n\t\t\t\t<\/div>\n\t\t\t\t\t<\/div>\n\t\t<\/div>\n\t\t\t\t\t<\/div>\n\t\t<\/section>\n\t\t\t\t<section class=\"elementor-section elementor-top-section elementor-element elementor-element-2fb79a7 elementor-section-boxed elementor-section-height-default elementor-section-height-default sc_fly_static\" data-id=\"2fb79a7\" data-element_type=\"section\" data-settings=\"{&quot;background_background&quot;:&quot;classic&quot;}\">\n\t\t\t\t\t\t<div class=\"elementor-container elementor-column-gap-extended\">\n\t\t\t\t\t<div class=\"elementor-column elementor-col-100 elementor-top-column elementor-element elementor-element-56c7d67 sc_inner_width_none sc_content_align_inherit sc_layouts_column_icons_position_left sc_fly_static\" data-id=\"56c7d67\" data-element_type=\"column\">\n\t\t\t<div class=\"elementor-widget-wrap elementor-element-populated\">\n\t\t\t\t\t\t<div class=\"elementor-element elementor-element-f756e6f sc_fly_static elementor-widget elementor-widget-heading\" data-id=\"f756e6f\" data-element_type=\"widget\" data-widget_type=\"heading.default\">\n\t\t\t\t<div class=\"elementor-widget-container\">\n\t\t\t<h2 class=\"elementor-heading-title elementor-size-default\">Otros servicios<\/h2>\t\t<\/div>\n\t\t\t\t<\/div>\n\t\t\t\t<div class=\"elementor-element elementor-element-ee81f41 animation_type_sequental tarifes-icones sc_fly_static elementor-invisible elementor-widget elementor-widget-trx_sc_icons\" data-id=\"ee81f41\" data-element_type=\"widget\" data-settings=\"{&quot;_animation&quot;:&quot;racquet-fadeinup&quot;,&quot;_animation_delay&quot;:100}\" data-widget_type=\"trx_sc_icons.default\">\n\t\t\t\t<div class=\"elementor-widget-container\">\n\t\t\t<div \tclass=\"sc_icons sc_icons_divider2 sc_icons_size_small sc_align_none\" ><div class=\"sc_icons_columns_wrap sc_item_columns trx_addons_columns_wrap columns_padding_bottom columns_in_single_row\" ><div class=\"trx_addons_column-1_4 trx_addons_column-1_2-tablet trx_addons_column-1_2-mobile\"><div class=\"sc_icons_item\"><div class=\"sc_icons_image\" ><img decoding=\"async\" src=\"\/\/padelalianca.com\/wp-content\/uploads\/2024\/04\/pala.webp\" alt=\"Icon\" width=\"38\" height=\"46\"><\/div><div class=\"sc_icons_item_details\"><h4 class=\"sc_icons_item_title\"><span>Alquiler de pala:<\/span><\/h4><div class=\"sc_icons_item_description\"><span>2\u20ac<\/span><\/div><\/div><\/div><\/div><div class=\"trx_addons_column-1_4 trx_addons_column-1_2-tablet trx_addons_column-1_2-mobile\"><div class=\"sc_icons_item\"><div class=\"sc_icons_image\" ><img decoding=\"async\" src=\"\/\/padelalianca.com\/wp-content\/uploads\/2024\/04\/ball.webp\" alt=\"Icon\" width=\"46\" height=\"46\"><\/div><div class=\"sc_icons_item_details\"><h4 class=\"sc_icons_item_title\"><span>Alquiler de pelotas:<\/span><\/h4><div class=\"sc_icons_item_description\"><span>1\u20ac<\/span><\/div><\/div><\/div><\/div><div class=\"trx_addons_column-1_4 trx_addons_column-1_2-tablet trx_addons_column-1_2-mobile\"><div class=\"sc_icons_item\"><div class=\"sc_icons_image\" ><img decoding=\"async\" src=\"\/\/padelalianca.com\/wp-content\/uploads\/2024\/04\/llum.webp\" alt=\"Icon\" width=\"48\" height=\"46\"><\/div><div class=\"sc_icons_item_details\"><h4 class=\"sc_icons_item_title\"><span>Alquiler de luz:<\/span><\/h4><div class=\"sc_icons_item_description\"><span>1\u20ac hora<\/span><\/div><\/div><\/div><\/div><div class=\"trx_addons_column-1_4 trx_addons_column-1_2-tablet trx_addons_column-1_2-mobile\"><div class=\"sc_icons_item\"><div class=\"sc_icons_image\" ><img decoding=\"async\" src=\"\/\/padelalianca.com\/wp-content\/uploads\/2024\/04\/ball.webp\" alt=\"Icon\" width=\"46\" height=\"46\"><\/div><div class=\"sc_icons_item_details\"><h4 class=\"sc_icons_item_title\"><span>Venta de pelotas<\/span><\/h4><\/div><\/div><\/div><\/div><\/div><!-- \/.sc_icons -->\t\t<\/div>\n\t\t\t\t<\/div>\n\t\t\t\t\t<\/div>\n\t\t<\/div>\n\t\t\t\t\t<\/div>\n\t\t<\/section>\n\t\t\t\t<section class=\"elementor-section elementor-top-section elementor-element elementor-element-25b907ea elementor-section-height-min-height elementor-section-boxed elementor-section-height-default elementor-section-items-middle sc_fly_static\" data-id=\"25b907ea\" data-element_type=\"section\" data-settings=\"{&quot;background_background&quot;:&quot;classic&quot;}\">\n\t\t\t\t\t\t\t<div class=\"elementor-background-overlay\"><\/div>\n\t\t\t\t\t\t\t<div class=\"elementor-container elementor-column-gap-extended\">\n\t\t\t\t\t<div class=\"elementor-column elementor-col-100 elementor-top-column elementor-element elementor-element-5875cd7d sc_inner_width_none sc_content_align_inherit sc_layouts_column_icons_position_left sc_fly_static\" data-id=\"5875cd7d\" data-element_type=\"column\">\n\t\t\t<div class=\"elementor-widget-wrap elementor-element-populated\">\n\t\t\t\t\t\t<div class=\"elementor-element elementor-element-9ae287f reserva-banner-home-text sc_fly_static elementor-widget elementor-widget-trx_sc_title\" data-id=\"9ae287f\" data-element_type=\"widget\" data-widget_type=\"trx_sc_title.default\">\n\t\t\t\t<div class=\"elementor-widget-container\">\n\t\t\t<div\t\tclass=\"sc_title sc_title_default\" ><h1 class=\"sc_item_title sc_title_title sc_align_center sc_item_title_style_default sc_item_title_tag trx_addons_inline_471113053\"\n\t\t\t><span class=\"sc_item_title_text\"><span style=\"color:#F6891F;\">Reserva<\/span> tu pista<br> de P\u00e1del hoy mismo<\/span><\/h1><div class=\"sc_item_descr sc_title_descr sc_align_center sc_item_descr_with_custom_color trx_addons_inline_1991228397\"><p>Grante tu tiempo de juego con s\u00f3lo unos clics.<br \/>Reserva ahora y disfruta del p\u00e1del sin esperas.<\/p>\n<\/div><\/div>\t\t<\/div>\n\t\t\t\t<\/div>\n\t\t\t\t<div class=\"elementor-element elementor-element-1939e6 buttons-reserva-home sc_fly_static elementor-widget elementor-widget-trx_sc_button\" data-id=\"1939e6\" data-element_type=\"widget\" data-widget_type=\"trx_sc_button.default\">\n\t\t\t\t<div class=\"elementor-widget-container\">\n\t\t\t<div\tclass=\"sc_item_button sc_button_wrap sc_align_center\" ><a href=\"http:\/\/reservas.padelalianca.com\/es\/reservas\/\" class=\"sc_button sc_button_default sc_button_size_normal sc_button_icon_left\" ><span class=\"sc_button_text\"><span class=\"sc_button_title\">Reserva<\/span><\/span><\/a><\/div>\t\t<\/div>\n\t\t\t\t<\/div>\n\t\t\t\t\t<\/div>\n\t\t<\/div>\n\t\t\t\t\t<\/div>\n\t\t<\/section>\n\t\t\t\t<\/div>\n\t\t","protected":false},"excerpt":{"rendered":"<p>Tarifas La reserva de las pistas debe realizarse previa reserva. La anulaci\u00f3n de la reserva debe realizarse con 24 horas de antelaci\u00f3n. En caso contrario, se abonar\u00e1 el importe de&hellip;<\/p>\n","protected":false},"author":1,"featured_media":0,"parent":0,"menu_order":0,"comment_status":"closed","ping_status":"closed","template":"","meta":{"inline_featured_image":false,"footnotes":""},"class_list":["post-749","page","type-page","status-publish","hentry"],"_links":{"self":[{"href":"https:\/\/padelalianca.com\/es\/wp-json\/wp\/v2\/pages\/749","targetHints":{"allow":["GET"]}}],"collection":[{"href":"https:\/\/padelalianca.com\/es\/wp-json\/wp\/v2\/pages"}],"about":[{"href":"https:\/\/padelalianca.com\/es\/wp-json\/wp\/v2\/types\/page"}],"author":[{"embeddable":true,"href":"https:\/\/padelalianca.com\/es\/wp-json\/wp\/v2\/users\/1"}],"replies":[{"embeddable":true,"href":"https:\/\/padelalianca.com\/es\/wp-json\/wp\/v2\/comments?post=749"}],"version-history":[{"count":19,"href":"https:\/\/padelalianca.com\/es\/wp-json\/wp\/v2\/pages\/749\/revisions"}],"predecessor-version":[{"id":1062,"href":"https:\/\/padelalianca.com\/es\/wp-json\/wp\/v2\/pages\/749\/revisions\/1062"}],"wp:attachment":[{"href":"https:\/\/padelalianca.com\/es\/wp-json\/wp\/v2\/media?parent=749"}],"curies":[{"name":"wp","href":"https:\/\/api.w.org\/{rel}","templated":true}]}}